{"id":27,"date":"2014-02-24T13:57:54","date_gmt":"2014-02-24T13:57:54","guid":{"rendered":"http:\/\/gaestehaus-stubbe.de\/?page_id=27"},"modified":"2014-02-26T15:00:22","modified_gmt":"2014-02-26T15:00:22","slug":"wohnung-langeoog","status":"publish","type":"page","link":"http:\/\/gaestehaus-stubbe.de\/?page_id=27","title":{"rendered":"Langeoog"},"content":{"rendered":"<p>Die Ferienwohnung \u201cLangeoog\u201d ist ca. 75 m\u00b2 gro\u00df und liegt im Obergescho\u00df des Hauses.<\/p>\n<p>Sie verf\u00fcgt \u00fcber<br \/>\n&#8211; 2 Schlafr\u00e4ume (jeweils mit\u00a02 Betten &#8211;\u00a0Zustellbett m\u00f6glich)<br \/>\n&#8211;\u00a03 Duschb\u00e4der<br \/>\n&#8211; Schlafsofa<br \/>\n&#8211; Kitchenette<\/p>\nngg_shortcode_0_placeholder\n<p><a title=\"Wohnungen\" href=\"http:\/\/gaestehaus-stubbe.de\/?page_id=19\">Alle Wohnungen verf\u00fcgen \u00fcber diese Standard-Ausstattung.<\/a><br \/>\n<a href=\"http:\/\/belegungskalender-kostenlos.de\/kalender.php?kid=18081\" target=\"_blank\">Belegungsplan anzeigen<\/a><\/p>\n","protected":false},"excerpt":{"rendered":"<p>Die Ferienwohnung \u201cLangeoog\u201d ist ca. 75 m\u00b2 gro\u00df und liegt im Obergescho\u00df des Hauses. Sie verf\u00fcgt \u00fcber &#8211; 2 Schlafr\u00e4ume (jeweils mit\u00a02 Betten &#8211;\u00a0Zustellbett m\u00f6glich) &#8211;\u00a03 Duschb\u00e4der &#8211; Schlafsofa &#8211; Kitchenette Alle Wohnungen verf\u00fcgen \u00fcber diese Standard-Ausstattung. Belegungsplan anzeigen<\/p>\n","protected":false},"author":1,"featured_media":0,"parent":19,"menu_order":3,"comment_status":"closed","ping_status":"closed","template":"","meta":{"ngg_post_thumbnail":0,"footnotes":""},"class_list":["post-27","page","type-page","status-publish","hentry"],"_links":{"self":[{"href":"http:\/\/gaestehaus-stubbe.de\/index.php?rest_route=\/wp\/v2\/pages\/27","targetHints":{"allow":["GET"]}}],"collection":[{"href":"http:\/\/gaestehaus-stubbe.de\/index.php?rest_route=\/wp\/v2\/pages"}],"about":[{"href":"http:\/\/gaestehaus-stubbe.de\/index.php?rest_route=\/wp\/v2\/types\/page"}],"author":[{"embeddable":true,"href":"http:\/\/gaestehaus-stubbe.de\/index.php?rest_route=\/wp\/v2\/users\/1"}],"replies":[{"embeddable":true,"href":"http:\/\/gaestehaus-stubbe.de\/index.php?rest_route=%2Fwp%2Fv2%2Fcomments&post=27"}],"version-history":[{"count":9,"href":"http:\/\/gaestehaus-stubbe.de\/index.php?rest_route=\/wp\/v2\/pages\/27\/revisions"}],"predecessor-version":[{"id":196,"href":"http:\/\/gaestehaus-stubbe.de\/index.php?rest_route=\/wp\/v2\/pages\/27\/revisions\/196"}],"up":[{"embeddable":true,"href":"http:\/\/gaestehaus-stubbe.de\/index.php?rest_route=\/wp\/v2\/pages\/19"}],"wp:attachment":[{"href":"http:\/\/gaestehaus-stubbe.de\/index.php?rest_route=%2Fwp%2Fv2%2Fmedia&parent=27"}],"curies":[{"name":"wp","href":"https:\/\/api.w.org\/{rel}","templated":true}]}}