{"id":124,"date":"2014-02-24T18:53:34","date_gmt":"2014-02-24T18:53:34","guid":{"rendered":"http:\/\/gaestehaus-stubbe.de\/?page_id=124"},"modified":"2014-02-25T13:55:53","modified_gmt":"2014-02-25T13:55:53","slug":"umland","status":"publish","type":"page","link":"http:\/\/gaestehaus-stubbe.de\/?page_id=124","title":{"rendered":"Umland"},"content":{"rendered":"<p>&#8222;Das Ferienland Wangerland mit dem Nordseeheilbad Horumersiel-Schillig und den K\u00fcstenbadeorten Hooksiel sowie den Erholungsorten Minsen-F\u00f6rrien und Hohenkirchen geh\u00f6rt zu den f\u00fchrenden Urlaubs-Regionen an der Nordsee. Die mehrfach f\u00fcr ihr Familienferien-Angebot ausgezeichneten Orte verf\u00fcgen \u00fcber nahezu alle Einrichtungen, die von einem modernen Urlaubsort erwartet werden k\u00f6nnen. Ausgedehnte Strandanlagen und Campingpl\u00e4tze, jeweils mit Abschnitten f\u00fcr Hunde und FKK, Kinderspielpl\u00e4tze, Schwimmb\u00e4der, B\u00fcchereien, Konzerte, diverse Arten von Wassersport und ein sehr umfangreiches Veranstaltungs- und Unterhaltungsprogramm f\u00fcr die ganze Familie zeichnen das Wangerland aus.&#8220;<\/p>\n<p><a title=\"Wangerland\" href=\"http:\/\/www.wangerland.de\/\" target=\"_blank\">mehr lesen &#8230;<\/a><\/p>\n<p>Quelle: <a href=\"http:\/\/www.wangerland.de\">www.wangerland.de<\/a><\/p>\n","protected":false},"excerpt":{"rendered":"<p>&#8222;Das Ferienland Wangerland mit dem Nordseeheilbad Horumersiel-Schillig und den K\u00fcstenbadeorten Hooksiel sowie den Erholungsorten Minsen-F\u00f6rrien und Hohenkirchen geh\u00f6rt zu den f\u00fchrenden Urlaubs-Regionen an der Nordsee. Die mehrfach f\u00fcr ihr Familienferien-Angebot ausgezeichneten Orte verf\u00fcgen \u00fcber nahezu alle Einrichtungen, die von einem modernen Urlaubsort erwartet werden k\u00f6nnen. Ausgedehnte &hellip; <\/p>\n<p><a href=\"http:\/\/gaestehaus-stubbe.de\/?page_id=124\" class=\"more-link\"><span class=\"morelink-icon\">Weiterlesen<\/span><\/a><\/p>\n","protected":false},"author":1,"featured_media":0,"parent":0,"menu_order":5,"comment_status":"closed","ping_status":"closed","template":"","meta":{"ngg_post_thumbnail":0,"footnotes":""},"class_list":["post-124","page","type-page","status-publish","hentry"],"_links":{"self":[{"href":"http:\/\/gaestehaus-stubbe.de\/index.php?rest_route=\/wp\/v2\/pages\/124","targetHints":{"allow":["GET"]}}],"collection":[{"href":"http:\/\/gaestehaus-stubbe.de\/index.php?rest_route=\/wp\/v2\/pages"}],"about":[{"href":"http:\/\/gaestehaus-stubbe.de\/index.php?rest_route=\/wp\/v2\/types\/page"}],"author":[{"embeddable":true,"href":"http:\/\/gaestehaus-stubbe.de\/index.php?rest_route=\/wp\/v2\/users\/1"}],"replies":[{"embeddable":true,"href":"http:\/\/gaestehaus-stubbe.de\/index.php?rest_route=%2Fwp%2Fv2%2Fcomments&post=124"}],"version-history":[{"count":3,"href":"http:\/\/gaestehaus-stubbe.de\/index.php?rest_route=\/wp\/v2\/pages\/124\/revisions"}],"predecessor-version":[{"id":189,"href":"http:\/\/gaestehaus-stubbe.de\/index.php?rest_route=\/wp\/v2\/pages\/124\/revisions\/189"}],"wp:attachment":[{"href":"http:\/\/gaestehaus-stubbe.de\/index.php?rest_route=%2Fwp%2Fv2%2Fmedia&parent=124"}],"curies":[{"name":"wp","href":"https:\/\/api.w.org\/{rel}","templated":true}]}}